{"id":21,"date":"2021-06-08T14:24:35","date_gmt":"2021-06-08T14:24:35","guid":{"rendered":"https:\/\/www.col-res.ie\/?page_id=21"},"modified":"2024-11-08T15:14:16","modified_gmt":"2024-11-08T15:14:16","slug":"beneficiaries","status":"publish","type":"page","link":"https:\/\/www.col-res.ie\/?page_id=21","title":{"rendered":"COL_RES Consortium"},"content":{"rendered":"\n<figure class=\"wp-block-image size-large\"><img loading=\"lazy\" decoding=\"async\" width=\"1024\" height=\"768\" src=\"https:\/\/www.col-res.ie\/wp-content\/uploads\/2024\/08\/Tour-Tarragona-april-2022-1024x768.jpg\" alt=\"\" class=\"wp-image-1152\" srcset=\"https:\/\/www.col-res.ie\/wp-content\/uploads\/2024\/08\/Tour-Tarragona-april-2022-1024x768.jpg 1024w, https:\/\/www.col-res.ie\/wp-content\/uploads\/2024\/08\/Tour-Tarragona-april-2022-300x225.jpg 300w, https:\/\/www.col-res.ie\/wp-content\/uploads\/2024\/08\/Tour-Tarragona-april-2022-768x576.jpg 768w, https:\/\/www.col-res.ie\/wp-content\/uploads\/2024\/08\/Tour-Tarragona-april-2022-1536x1152.jpg 1536w, https:\/\/www.col-res.ie\/wp-content\/uploads\/2024\/08\/Tour-Tarragona-april-2022-2048x1536.jpg 2048w, https:\/\/www.col-res.ie\/wp-content\/uploads\/2024\/08\/Tour-Tarragona-april-2022-1568x1176.jpg 1568w\" sizes=\"auto, (max-width: 1024px) 100vw, 1024px\" \/><\/figure>\n\n\n\n<div class=\"wp-block-media-text alignwide is-stacked-on-mobile is-style-twentytwentyone-border\"><figure class=\"wp-block-media-text__media\"><img loading=\"lazy\" decoding=\"async\" width=\"1024\" height=\"576\" src=\"https:\/\/www.col-res.ie\/wp-content\/uploads\/2022\/01\/Col-res-Mock-Up-1-1024x576.png\" alt=\"col res apc\" class=\"wp-image-559 size-full\" srcset=\"https:\/\/www.col-res.ie\/wp-content\/uploads\/2022\/01\/Col-res-Mock-Up-1-1024x576.png 1024w, https:\/\/www.col-res.ie\/wp-content\/uploads\/2022\/01\/Col-res-Mock-Up-1-300x169.png 300w, https:\/\/www.col-res.ie\/wp-content\/uploads\/2022\/01\/Col-res-Mock-Up-1-768x432.png 768w, https:\/\/www.col-res.ie\/wp-content\/uploads\/2022\/01\/Col-res-Mock-Up-1-1536x864.png 1536w, https:\/\/www.col-res.ie\/wp-content\/uploads\/2022\/01\/Col-res-Mock-Up-1-1568x882.png 1568w, https:\/\/www.col-res.ie\/wp-content\/uploads\/2022\/01\/Col-res-Mock-Up-1.png 1600w\" sizes=\"auto, (max-width: 1024px) 100vw, 1024px\" \/><\/figure><div class=\"wp-block-media-text__content\">\n<h2 class=\"wp-block-heading has-text-align-center\">UNIVERSITY COLLEGE CORK<\/h2>\n\n\n\n<p class=\"has-text-align-center\"><a href=\"https:\/\/www.col-res.ie\/?page_id=163\" data-type=\"page\" data-id=\"163\">Professor Cormac Gahan<\/a><\/p>\n\n\n\n<p class=\"has-text-align-center\"><a href=\"https:\/\/www.col-res.ie\/?page_id=151\" data-type=\"page\" data-id=\"151\">Professor Colin Hill<\/a><\/p>\n\n\n\n<p class=\"has-text-align-center\"><a href=\"https:\/\/www.col-res.ie\/?page_id=156\" data-type=\"page\" data-id=\"156\">Dr Marcus Claesson<\/a><\/p>\n<\/div><\/div>\n\n\n\n<div class=\"wp-block-media-text alignwide is-stacked-on-mobile is-style-twentytwentyone-border\"><figure class=\"wp-block-media-text__media\"><img loading=\"lazy\" decoding=\"async\" width=\"262\" height=\"192\" src=\"https:\/\/www.col-res.ie\/wp-content\/uploads\/2021\/11\/Imerial-college.jpeg\" alt=\"\" class=\"wp-image-416 size-full\"\/><\/figure><div class=\"wp-block-media-text__content\">\n<h2 class=\"wp-block-heading has-text-align-center\"><meta charset=\"utf-8\">IMPERIAL COLLEGE LONDON <\/h2>\n\n\n\n<p class=\"has-text-align-center has-small-font-size\"><meta charset=\"utf-8\">Prof. Gadi Frankel<\/p>\n<\/div><\/div>\n\n\n\n<div class=\"wp-block-media-text alignwide is-stacked-on-mobile is-style-twentytwentyone-border\"><figure class=\"wp-block-media-text__media\"><img loading=\"lazy\" decoding=\"async\" width=\"332\" height=\"152\" src=\"https:\/\/www.col-res.ie\/wp-content\/uploads\/2021\/11\/Charite.jpeg\" alt=\"\" class=\"wp-image-417 size-full\" srcset=\"https:\/\/www.col-res.ie\/wp-content\/uploads\/2021\/11\/Charite.jpeg 332w, https:\/\/www.col-res.ie\/wp-content\/uploads\/2021\/11\/Charite-300x137.jpeg 300w\" sizes=\"auto, (max-width: 332px) 100vw, 332px\" \/><\/figure><div class=\"wp-block-media-text__content\">\n<h2 class=\"wp-block-heading has-text-align-center\"><meta charset=\"utf-8\"><\/meta><meta charset=\"utf-8\"><\/meta>CHARITE UNIVERSITAETSMEDIZIN BERLIN <\/h2>\n\n\n\n<p class=\"has-text-align-center\"><a href=\"https:\/\/www.col-res.ie\/?page_id=244\" data-type=\"page\" data-id=\"244\">Prof. Stefan Bereswill<\/a><\/p>\n<\/div><\/div>\n\n\n\n<div class=\"wp-block-media-text alignwide is-stacked-on-mobile is-style-twentytwentyone-border\"><figure class=\"wp-block-media-text__media\"><img loading=\"lazy\" decoding=\"async\" width=\"232\" height=\"217\" src=\"https:\/\/www.col-res.ie\/wp-content\/uploads\/2021\/11\/zurich.jpeg\" alt=\"\" class=\"wp-image-418 size-full\"\/><\/figure><div class=\"wp-block-media-text__content\">\n<h2 class=\"wp-block-heading has-text-align-center\"><meta charset=\"utf-8\"><meta charset=\"utf-8\"><meta charset=\"utf-8\"> Eidgen\u00f6ssische Technische Hochschule (ETH) Z\u00fcrich <\/h2>\n\n\n\n<p><meta charset=\"utf-8\"><\/p>\n\n\n\n<p class=\"has-text-align-center\"><a href=\"https:\/\/www.col-res.ie\/?page_id=212\" data-type=\"page\" data-id=\"212\">Prof. Wolf-Dietrich Hard<\/a><\/p>\n<\/div><\/div>\n\n\n\n<div class=\"wp-block-media-text alignwide is-stacked-on-mobile is-style-twentytwentyone-border\"><figure class=\"wp-block-media-text__media\"><img loading=\"lazy\" decoding=\"async\" width=\"299\" height=\"168\" src=\"https:\/\/www.col-res.ie\/wp-content\/uploads\/2021\/11\/France.jpeg\" alt=\"\" class=\"wp-image-419 size-full\"\/><\/figure><div class=\"wp-block-media-text__content\">\n<h2 class=\"wp-block-heading has-text-align-center\"><meta charset=\"utf-8\"><meta charset=\"utf-8\"><meta charset=\"utf-8\"> <meta charset=\"utf-8\"> UNIVERSIT\u00c9 CLERMONT AUVERGNE<\/h2>\n\n\n\n<p><meta charset=\"utf-8\"><\/p>\n\n\n\n<p class=\"has-text-align-center\"><meta charset=\"utf-8\"><a href=\"https:\/\/www.col-res.ie\/?page_id=263\" data-type=\"page\" data-id=\"263\">Prof. Stephanie Blanquet-Diot<\/a><br><br><a href=\"https:\/\/www.col-res.ie\/?page_id=268\" data-type=\"page\" data-id=\"268\">Dr. Lucie Etienne-Mesmin <\/a><\/p>\n<\/div><\/div>\n\n\n\n<div class=\"wp-block-media-text alignwide is-stacked-on-mobile is-style-twentytwentyone-border\"><figure class=\"wp-block-media-text__media\"><img loading=\"lazy\" decoding=\"async\" width=\"318\" height=\"159\" src=\"https:\/\/www.col-res.ie\/wp-content\/uploads\/2021\/11\/eurocat.jpeg\" alt=\"\" class=\"wp-image-420 size-full\" srcset=\"https:\/\/www.col-res.ie\/wp-content\/uploads\/2021\/11\/eurocat.jpeg 318w, https:\/\/www.col-res.ie\/wp-content\/uploads\/2021\/11\/eurocat-300x150.jpeg 300w\" sizes=\"auto, (max-width: 318px) 100vw, 318px\" \/><\/figure><div class=\"wp-block-media-text__content\">\n<h2 class=\"wp-block-heading has-text-align-center\"><meta charset=\"utf-8\"><meta charset=\"utf-8\"><meta charset=\"utf-8\"> <meta charset=\"utf-8\"> <meta charset=\"utf-8\">FUNDACIO EURECAT<\/h2>\n\n\n\n<p><meta charset=\"utf-8\"><\/meta><br>                                    <a href=\"https:\/\/www.col-res.ie\/?page_id=258\" data-type=\"page\" data-id=\"258\">Dr. Domingo- Almenara<\/a><\/p>\n<\/div><\/div>\n\n\n\n<p><strong>Coordinator: <\/strong>University College Cork<\/p>\n\n\n\n<ul id=\"block-c66ea377-a851-4658-b5c6-bdcd5ad447f9\" class=\"wp-block-list\">\n<li><strong>Participants:<\/strong>&nbsp;<\/li>\n\n\n\n<li>6 beneficiaries and <a href=\"https:\/\/www.col-res.ie\/?page_id=19\">8 Early Stage Researchers (ESRs<\/a><\/li>\n<\/ul>\n\n\n\n<ul id=\"block-cf874c97-de2a-42d0-9878-260a6694ac5d\" class=\"wp-block-list\">\n<li><strong>Countries:<\/strong>&nbsp;Ireland, France, Germany, England, Spain, Switzerland<\/li>\n<\/ul>\n","protected":false},"excerpt":{"rendered":"<p>UNIVERSITY COLLEGE CORK Professor Cormac Gahan Professor Colin Hill Dr Marcus Claesson IMPERIAL COLLEGE LONDON Prof. Gadi Frankel CHARITE UNIVERSITAETSMEDIZIN BERLIN Prof. Stefan Bereswill Eidgen\u00f6ssische Technische Hochschule (ETH) Z\u00fcrich Prof. Wolf-Dietrich Hard UNIVERSIT\u00c9 CLERMONT AUVERGNE Prof. Stephanie Blanquet-Diot Dr. Lucie Etienne-Mesmin FUNDACIO EURECAT Dr. Domingo- Almenara Coordinator: University College Cork<\/p>\n","protected":false},"author":1,"featured_media":0,"parent":0,"menu_order":0,"comment_status":"closed","ping_status":"closed","template":"","meta":{"footnotes":""},"class_list":["post-21","page","type-page","status-publish","hentry","entry"],"_links":{"self":[{"href":"https:\/\/www.col-res.ie\/index.php?rest_route=\/wp\/v2\/pages\/21","targetHints":{"allow":["GET"]}}],"collection":[{"href":"https:\/\/www.col-res.ie\/index.php?rest_route=\/wp\/v2\/pages"}],"about":[{"href":"https:\/\/www.col-res.ie\/index.php?rest_route=\/wp\/v2\/types\/page"}],"author":[{"embeddable":true,"href":"https:\/\/www.col-res.ie\/index.php?rest_route=\/wp\/v2\/users\/1"}],"replies":[{"embeddable":true,"href":"https:\/\/www.col-res.ie\/index.php?rest_route=%2Fwp%2Fv2%2Fcomments&post=21"}],"version-history":[{"count":35,"href":"https:\/\/www.col-res.ie\/index.php?rest_route=\/wp\/v2\/pages\/21\/revisions"}],"predecessor-version":[{"id":1259,"href":"https:\/\/www.col-res.ie\/index.php?rest_route=\/wp\/v2\/pages\/21\/revisions\/1259"}],"wp:attachment":[{"href":"https:\/\/www.col-res.ie\/index.php?rest_route=%2Fwp%2Fv2%2Fmedia&parent=21"}],"curies":[{"name":"wp","href":"https:\/\/api.w.org\/{rel}","templated":true}]}}